{"id":3053,"date":"2021-03-10T08:53:39","date_gmt":"2021-03-10T08:53:39","guid":{"rendered":"https:\/\/kinecentrum.com\/Kapellen\/?page_id=3053"},"modified":"2025-11-03T09:40:41","modified_gmt":"2025-11-03T09:40:41","slug":"ons-team","status":"publish","type":"page","link":"https:\/\/kinecentrum.com\/Kapellen\/ons-team\/","title":{"rendered":"Ons team"},"content":{"rendered":"<p><section id=\"bt_section69eb534c2e44d\"  class=\"boldSection topSmallSpaced bottomExtraSmallSpaced gutter inherit\" ><div class=\"port\"><div class=\"boldCell\"><div class=\"boldCellInner\"><div class=\"boldRow  \" ><div class=\"boldRowInner\"><div class=\"rowItem col-md-6 col-sm-12 btTextLeft animate animate-fadein inherit\"  ><div class=\"rowItemContent\" ><div class=\"btClear btSeparator bottomSemiSpaced noBorder\" ><hr><\/div><header class=\"header btClear extralarge btDash bottomDash  btAccentDash\" ><div class=\"btSuperTitle\">Ons team<\/div><div class=\"dash\"><h1><span class=\"headline\">Visie <strong class=\"animate\">praktijk <\/strong><\/span><\/h1><\/div><div class=\"btSubTitle\">Kinecentrum Kapellen is een jonge, dynamische praktijk waar individuele\/kwaliteitsvolle zorg voor de pati\u00ebnt centraal staat! We willen de pati\u00ebnten de controle geven over zijn klachten, zodat de klachten van de pati\u00ebnt zijn\/haar leven niet gaan beheersen.<br \/><br><\/div><\/header><div class=\"btClear btSeparator bottomSemiSpaced noBorder\" ><hr><\/div><\/div><\/div><div class=\"rowItem col-md-6 col-sm-12 btTextLeft\"  ><div class=\"rowItemContent\" ><\/div><\/div><\/div><\/div><div class=\"boldRow  \" ><div class=\"boldRowInner\"><div class=\"rowItem col-md-4 col-ms-12 btTextLeft animate animate-fadein animate-moveup btTextIndent inherit\"  ><div class=\"rowItemContent\" ><div class=\"bpgPhoto btTextCenter\" ><div class=\"btImage\"><img decoding=\"async\" src=\"https:\/\/kinecentrum.com\/Kapellen\/wp-content\/uploads\/2022\/02\/crop1_00007.png\" alt=\"Jan Gorremans\" title=\"Jan Gorremans\"><\/div><\/div><div class=\"btClear btSeparator topSmallSpaced noBorder\" ><hr><\/div><div class=\"servicesItem  btIcoDefaultColorIcon btIcoSmallSizeIcon  \"><div class=\"sIcon\"><span class=\"btIco btIcoSmallSize btIcoDefaultType btIcoDefaultColor\" ><span  data-ico-=\"&#038;#x;\" class=\"btIcoHolder\"><em><\/em><\/span><\/span><\/div><div class=\"sTxt\"><header class=\"header btClear small btDash bottomDash\" ><div class=\"dash\"><h4><span class=\"headline\">Jan Gorremans<\/span><\/h4><\/div><\/header><p>Zaakvoerder<br\/>Kinesitherapeut<br\/>Manuele therapie<br\/>Sportrevalidatie<br\/>Rugrevalidatie<br\/>Kaakgewrichtsbehandeling<br\/>Dry needling<br\/>Littekenbehandeling<br\/>Kinesiotaping<\/p><\/div><\/div><div class=\"btClear btSeparator topSmallSpaced noBorder\" ><hr><\/div><\/div><\/div><div class=\"rowItem col-md-4 col-ms-12 btTextLeft animate animate-fadein animate-moveup btTextIndent inherit\"  ><div class=\"rowItemContent\" ><\/div><\/div><div class=\"rowItem col-md-4 col-ms-12 btTextLeft animate animate-fadein animate-moveup btTextIndent inherit\"  ><div class=\"rowItemContent\" ><div class=\"bpgPhoto btTextCenter\" ><div class=\"btImage\"><img decoding=\"async\" src=\"https:\/\/kinecentrum.com\/Kapellen\/wp-content\/uploads\/2022\/02\/crop1_00002.png\" alt=\"Sofie Bauwens\" title=\"Sofie Bauwens\"><\/div><\/div><div class=\"btClear btSeparator topSmallSpaced noBorder\" ><hr><\/div><div class=\"servicesItem  btIcoDefaultColorIcon btIcoSmallSizeIcon  \"><div class=\"sIcon\"><span class=\"btIco btIcoSmallSize btIcoDefaultType btIcoDefaultColor\" ><span  data-ico-=\"&#038;#x;\" class=\"btIcoHolder\"><em><\/em><\/span><\/span><\/div><div class=\"sTxt\"><header class=\"header btClear small btDash bottomDash\" ><div class=\"dash\"><h4><span class=\"headline\">Sofie Bauwens<\/span><\/h4><\/div><\/header><p>Zaakvoerder<br\/>Kinesitherapeut<br\/>Ademhalingskine<br\/>Hyperventilatie<br\/>Littekenbehandeling<br\/>Handrevalidatie<\/p><\/div><\/div><div class=\"btClear btSeparator topSmallSpaced noBorder\" ><hr><\/div><\/div><\/div><\/div><\/div><div class=\"boldRow  \" ><div class=\"boldRowInner\"><div class=\"rowItem col-md-4 col-ms-12 btTextLeft animate animate-fadein animate-moveup btTextIndent inherit\"  ><div class=\"rowItemContent\" ><div class=\"bpgPhoto btTextCenter\" ><div class=\"btImage\"><img decoding=\"async\" src=\"https:\/\/kinecentrum.com\/Kapellen\/wp-content\/uploads\/2022\/02\/crop1_00006.png\" alt=\"Teresa Gobert\" title=\"Teresa Gobert\"><\/div><\/div><div class=\"btClear btSeparator topSmallSpaced noBorder\" ><hr><\/div><div class=\"servicesItem  btIcoDefaultColorIcon btIcoSmallSizeIcon  \"><div class=\"sIcon\"><span class=\"btIco btIcoSmallSize btIcoDefaultType btIcoDefaultColor\" ><span  data-ico-=\"&#038;#x;\" class=\"btIcoHolder\"><em><\/em><\/span><\/span><\/div><div class=\"sTxt\"><header class=\"header btClear small btDash bottomDash\" ><div class=\"dash\"><h4><span class=\"headline\">Teresa Gobert<\/span><\/h4><\/div><\/header><p>Pr\u00e9- en postnatale kinesitherapie<br\/>Manuele therapie<br\/>Algemene kin\u00e9<br\/>Sportrevalidatie<br\/>Rugrevalidatie<\/p><\/div><\/div><div class=\"btClear btSeparator topSmallSpaced noBorder\" ><hr><\/div><\/div><\/div><div class=\"rowItem col-md-4 col-ms-12 btTextLeft animate animate-fadein animate-moveup btTextIndent inherit\"  ><div class=\"rowItemContent\" ><div class=\"bpgPhoto btTextCenter\" ><div class=\"btImage\"><img decoding=\"async\" src=\"https:\/\/kinecentrum.com\/Kapellen\/wp-content\/uploads\/2022\/02\/crop1_00004.png\" alt=\"Djeni De Clerck\" title=\"Djeni De Clerck\"><\/div><\/div><div class=\"btClear btSeparator topSmallSpaced noBorder\" ><hr><\/div><div class=\"servicesItem  btIcoDefaultColorIcon btIcoSmallSizeIcon  \"><div class=\"sIcon\"><span class=\"btIco btIcoSmallSize btIcoDefaultType btIcoDefaultColor\" ><span  data-ico-=\"&#038;#x;\" class=\"btIcoHolder\"><em><\/em><\/span><\/span><\/div><div class=\"sTxt\"><header class=\"header btClear small btDash bottomDash\" ><div class=\"dash\"><h4><span class=\"headline\">Djeni De Clerck<\/span><\/h4><\/div><\/header><p>Manuele therapie<br\/>Sportrevalidatie<br\/>Rugrevalidatie<br\/>Littekenbehandeling<\/p><\/div><\/div><div class=\"btClear btSeparator topSmallSpaced noBorder\" ><hr><\/div><\/div><\/div><div class=\"rowItem col-md-4 col-ms-12 btTextLeft animate animate-fadein animate-moveup btTextIndent inherit\"  ><div class=\"rowItemContent\" ><div class=\"bpgPhoto btTextCenter\" ><div class=\"btImage\"><img decoding=\"async\" src=\"https:\/\/kinecentrum.com\/Kapellen\/wp-content\/uploads\/2022\/02\/crop1_00003.png\" alt=\"Glenn Verbaal\" title=\"Glenn Verbaal\"><\/div><\/div><div class=\"btClear btSeparator topSmallSpaced noBorder\" ><hr><\/div><div class=\"servicesItem  btIcoDefaultColorIcon btIcoSmallSizeIcon  \"><div class=\"sIcon\"><span class=\"btIco btIcoSmallSize btIcoDefaultType btIcoDefaultColor\" ><span  data-ico-=\"&#038;#x;\" class=\"btIcoHolder\"><em><\/em><\/span><\/span><\/div><div class=\"sTxt\"><header class=\"header btClear small btDash bottomDash\" ><div class=\"dash\"><h4><span class=\"headline\">Glenn Verbaal<\/span><\/h4><\/div><\/header><p>Manuele therapie<br\/>Sportrevalidatie<br\/>Rugrevalidatie<br\/>kPNI i.o.<\/p><\/div><\/div><div class=\"btClear btSeparator topSmallSpaced noBorder\" ><hr><\/div><\/div><\/div><\/div><\/div><div class=\"boldRow  \" ><div class=\"boldRowInner\"><div class=\"rowItem col-md-4 col-ms-12 btTextLeft animate animate-fadein animate-moveup btTextIndent inherit\"  ><div class=\"rowItemContent\" ><div class=\"bpgPhoto btTextCenter\" ><div class=\"btImage\"><img decoding=\"async\" src=\"https:\/\/kinecentrum.com\/Kapellen\/wp-content\/themes\/medicare\/gfx\/blank.gif\" data-image_src=\"https:\/\/kinecentrum.com\/Kapellen\/wp-content\/uploads\/2025\/09\/Laura-1-160x160.jpeg\" alt=\"Laura Van Es\" class=\"btLazyLoadImage\"><\/div><\/div><div class=\"btClear btSeparator topSmallSpaced noBorder\" ><hr><\/div><div class=\"servicesItem  btIcoDefaultColorIcon btIcoSmallSizeIcon  \"><div class=\"sIcon\"><span class=\"btIco btIcoSmallSize btIcoDefaultType btIcoDefaultColor\" ><span  data-ico-=\"&#038;#x;\" class=\"btIcoHolder\"><em><\/em><\/span><\/span><\/div><div class=\"sTxt\"><header class=\"header btClear small btDash bottomDash\" ><div class=\"dash\"><h4><span class=\"headline\">Laura Van Es<\/span><\/h4><\/div><\/header><p>Algemene kinesitherapie<\/p><\/div><\/div><div class=\"btClear btSeparator topSmallSpaced noBorder\" ><hr><\/div><\/div><\/div><div class=\"rowItem col-md-4 col-ms-12 btTextLeft animate animate-fadein animate-moveup btTextIndent inherit\"  ><div class=\"rowItemContent\" ><div class=\"bpgPhoto btTextCenter\" ><div class=\"btImage\"><img decoding=\"async\" src=\"https:\/\/kinecentrum.com\/Kapellen\/wp-content\/uploads\/2023\/02\/Olivier-Vangeel-Res-00001.png\" alt=\"Olivier Vangeel\" title=\"Olivier Vangeel\"><\/div><\/div><div class=\"btClear btSeparator topSmallSpaced noBorder\" ><hr><\/div><div class=\"servicesItem  btIcoDefaultColorIcon btIcoSmallSizeIcon  \"><div class=\"sIcon\"><span class=\"btIco btIcoSmallSize btIcoDefaultType btIcoDefaultColor\" ><span  data-ico-=\"&#038;#x;\" class=\"btIcoHolder\"><em><\/em><\/span><\/span><\/div><div class=\"sTxt\"><header class=\"header btClear small btDash bottomDash\" ><div class=\"dash\"><h4><span class=\"headline\">Olivier Vangeel<\/span><\/h4><\/div><\/header><p>Algemene kinesitherapie<\/p><\/div><\/div><div class=\"btClear btSeparator topSmallSpaced noBorder\" ><hr><\/div><\/div><\/div><div class=\"rowItem col-md-4 col-ms-12 btTextLeft animate animate-fadein animate-moveup btTextIndent inherit\"  ><div class=\"rowItemContent\" ><div class=\"bpgPhoto btTextCenter\" ><div class=\"btImage\"><img decoding=\"async\" src=\"https:\/\/kinecentrum.com\/Kapellen\/wp-content\/uploads\/2025\/09\/Ilse-1-160x160.jpg\" alt=\"Ilse Hillen\" title=\"Ilse Hillen\"><\/div><\/div><div class=\"btClear btSeparator topSmallSpaced noBorder\" ><hr><\/div><div class=\"servicesItem  btIcoDefaultColorIcon btIcoSmallSizeIcon  \"><div class=\"sIcon\"><span class=\"btIco btIcoSmallSize btIcoDefaultType btIcoDefaultColor\" ><span  data-ico-=\"&#038;#x;\" class=\"btIcoHolder\"><em><\/em><\/span><\/span><\/div><div class=\"sTxt\"><header class=\"header btClear small btDash bottomDash\" ><div class=\"dash\"><h4><span class=\"headline\">Ilse Hillen<\/span><\/h4><\/div><\/header><p>Logopedie<br\/><\/p><\/div><\/div><div class=\"btClear btSeparator topSmallSpaced noBorder\" ><hr><\/div><\/div><\/div><\/div><\/div><div class=\"boldRow  \" ><div class=\"boldRowInner\"><div class=\"rowItem col-md-4 col-ms-12 btTextLeft animate animate-fadein animate-moveup btTextIndent inherit\"  ><div class=\"rowItemContent\" ><div class=\"bpgPhoto btTextCenter\" ><div class=\"btImage\"><img decoding=\"async\" src=\"https:\/\/kinecentrum.com\/Kapellen\/wp-content\/themes\/medicare\/gfx\/blank.gif\" data-image_src=\"https:\/\/kinecentrum.com\/Kapellen\/wp-content\/uploads\/2025\/09\/Elise-1-160x160.jpeg\" alt=\"Elise Van Oers\" class=\"btLazyLoadImage\"><\/div><\/div><div class=\"btClear btSeparator topSmallSpaced noBorder\" ><hr><\/div><div class=\"servicesItem  btIcoDefaultColorIcon btIcoSmallSizeIcon  \"><div class=\"sIcon\"><span class=\"btIco btIcoSmallSize btIcoDefaultType btIcoDefaultColor\" ><span  data-ico-=\"&#038;#x;\" class=\"btIcoHolder\"><em><\/em><\/span><\/span><\/div><div class=\"sTxt\"><header class=\"header btClear small btDash bottomDash\" ><div class=\"dash\"><h4><span class=\"headline\">Elise Van Oers<\/span><\/h4><\/div><\/header><p>Di\u00ebtiste<br\/><\/p><\/div><\/div><div class=\"btClear btSeparator topSmallSpaced noBorder\" ><hr><\/div><\/div><\/div><div class=\"rowItem col-md-4 col-ms-12 btTextLeft animate animate-fadein animate-moveup btTextIndent inherit\"  ><div class=\"rowItemContent\" ><div class=\"bpgPhoto btTextCenter\" ><div class=\"btImage\"><img decoding=\"async\" src=\"https:\/\/kinecentrum.com\/Kapellen\/wp-content\/uploads\/2025\/10\/Ann-De-Beukelaer-logopedist.png\" alt=\"Ann De Beukelaer\" title=\"Ann De Beukelaer\"><\/div><\/div><div class=\"btClear btSeparator topSmallSpaced noBorder\" ><hr><\/div><div class=\"servicesItem  btIcoDefaultColorIcon btIcoSmallSizeIcon  \"><div class=\"sIcon\"><span class=\"btIco btIcoSmallSize btIcoDefaultType btIcoDefaultColor\" ><span  data-ico-=\"&#038;#x;\" class=\"btIcoHolder\"><em><\/em><\/span><\/span><\/div><div class=\"sTxt\"><header class=\"header btClear small btDash bottomDash\" ><div class=\"dash\"><h4><span class=\"headline\">Ann De Beukelaer<\/span><\/h4><\/div><\/header><p>Logopedie<\/p><\/div><\/div><div class=\"btClear btSeparator topSmallSpaced noBorder\" ><hr><\/div><\/div><\/div><div class=\"rowItem col-md-4 col-ms-12 btTextLeft animate animate-fadein animate-moveup btTextIndent inherit\"  ><div class=\"rowItemContent\" ><div class=\"btClear btSeparator topSpaced noBorder\" ><hr><\/div><div class=\"servicesItem  btIcoAccentColorIcon btIcoSmallSizeIcon  \"><div class=\"sIcon\"><span class=\"btIco btIcoSmallSize btIcoDefaultType btIcoAccentColor\" ><a href=\"https:\/\/kinecentrum.com\/Kapellen\/solliciteer\/\"  data-ico-fa=\"&#xf1ae;\" class=\"btIcoHolder\"><em><\/em><\/a><\/span><\/div><div class=\"sTxt\"><header class=\"header btClear small btDash bottomDash\" ><div class=\"dash\"><h4><span class=\"headline\">Wordt u onze nieuwe collega?<\/span><\/h4><\/div><\/header><p>Stuur uw spontane sollicitatie \u2026.<\/p><\/div><\/div><div class=\"btClear btSeparator topSmallSpaced noBorder\" ><hr><\/div><iframe loading=\"lazy\" src=\"https:\/\/www.facebook.com\/plugins\/video.php?height=709&#038;href=https%3A%2F%2Fwww.facebook.com%2Fkinecentrum%2Fvideos%2F450037609397617%2F&#038;show_text=false&#038;width=709\" width=\"709\" height=\"709\" style=\"border:none;overflow:hidden\" scrolling=\"no\" frameborder=\"0\" allowfullscreen=\"true\" allow=\"autoplay; clipboard-write; encrypted-media; picture-in-picture; web-share\" allowFullScreen=\"true\"><\/iframe><div class=\"btClear btSeparator topSmallSpaced noBorder\" ><hr><\/div><\/div><\/div><\/div><\/div><\/div><\/div><\/div><\/section><section id=\"bdform\"  class=\"boldSection topSpaced bottomSpaced gutter inherit\" ><div class=\"port\"><div class=\"boldCell\"><div class=\"boldCellInner\"><div class=\"boldRow  \" ><div class=\"boldRowInner\"><div class=\"rowItem col-md-6 col-sm-12 btTextLeft animate animate-fadein inherit\"  ><div class=\"rowItemContent\" ><header class=\"header btClear extralarge btDash bottomDash  btAccentDash\" ><div class=\"dash\"><h1><span class=\"headline\">Solliciteer<\/span><\/h1><\/div><div class=\"btSubTitle\">Wordt u onze nieuwe collega?<br \/><br>Stuur uw spontane sollicitatie \u2026.<\/div><\/header><div class=\"btClear btSeparator bottomSemiSpaced noBorder\" ><hr><\/div><\/div><\/div><div class=\"rowItem btLeftBorder col-md-2  col-sm-4 col-ms-12 btTextCenter inherit\"  ><div class=\"rowItemContent\" ><div class=\"btClear btSeparator bottomSmallSpaced noBorder\" ><hr><\/div><div class=\"servicesItem  btIcoAlterColorIcon btIcoBigSizeIcon  \"><div class=\"sIcon\"><span class=\"btIco btIcoBigSize btIcoDefaultType btIcoAlterColor\" ><a href=\"https:\/\/www.google.be\/maps\/place\/Stationsstraat+28,+2950+Kapellen\/@51.3142001,4.4290957,17z\/data=!3m1!4b1!4m5!3m4!1s0x47c40902998f8afb:0x433d121310278dee!8m2!3d51.3142001!4d4.4312844\"  data-ico-pl=\"&#xe963;\" class=\"btIcoHolder\"><em><\/em><\/a><\/span><\/div><div class=\"sTxt\"><header class=\"header btClear small\" ><div class=\"dash\"><h4><span class=\"headline\">Locatie<\/span><\/h4><\/div><\/header><p>Stationsstraat 28<br\/>2950 Kapellen<\/p><\/div><\/div><div class=\"btClear btSeparator bottomSmallSpaced noBorder\" ><hr><\/div><\/div><\/div><div class=\"rowItem btLeftBorder col-md-2  col-sm-4 col-ms-12 btTextCenter inherit\"  ><div class=\"rowItemContent\" ><div class=\"btClear btSeparator bottomSmallSpaced noBorder\" ><hr><\/div><div class=\"servicesItem  btIcoAlterColorIcon btIcoBigSizeIcon  \"><div class=\"sIcon\"><span class=\"btIco btIcoBigSize btIcoDefaultType btIcoAlterColor\" ><a href=\"tel:003234306430\"  data-ico-es=\"&#xea28;\" class=\"btIcoHolder\"><em><\/em><\/a><\/span><\/div><div class=\"sTxt\"><header class=\"header btClear small\" ><div class=\"dash\"><h4><span class=\"headline\">Bel ons<\/span><\/h4><\/div><\/header><p>03 430 64 30 <\/p><\/div><\/div><div class=\"btClear btSeparator bottomSmallSpaced noBorder\" ><hr><\/div><\/div><\/div><div class=\"rowItem btLeftBorder col-md-2  col-sm-4 col-ms-12 btTextCenter inherit\"  ><div class=\"rowItemContent\" ><div class=\"btClear btSeparator bottomSmallSpaced noBorder\" ><hr><\/div><div class=\"servicesItem  btIcoAlterColorIcon btIcoBigSizeIcon  \"><div class=\"sIcon\"><span class=\"btIco btIcoBigSize btIcoDefaultType btIcoAlterColor\" ><a href=\"mailto:info@kinecentrum.com\"  data-ico-dg=\"&#xe90d;\" class=\"btIcoHolder\"><em><\/em><\/a><\/span><\/div><div class=\"sTxt\"><header class=\"header btClear small\" ><div class=\"dash\"><h4><span class=\"headline\">Mail ons<\/span><\/h4><\/div><\/header><p>info@kinecentrum.com<\/p><\/div><\/div><div class=\"btClear btSeparator bottomSmallSpaced noBorder\" ><hr><\/div><\/div><\/div><\/div><\/div><div class=\"boldRow  \" ><div class=\"boldRowInner\"><div class=\"rowItem col-md-6 col-sm-12 btTextLeft inherit btDoublePadding\"  ><div class=\"rowItemContent\" ><div class=\"btText\" ><\/p>\n<div class=\"wpcf7 no-js\" id=\"wpcf7-f3191-o1\" lang=\"en-US\" dir=\"ltr\" data-wpcf7-id=\"3191\">\n<div class=\"screen-reader-response\">\n<p role=\"status\" aria-live=\"polite\" aria-atomic=\"true\">\n<ul><\/ul>\n<\/div>\n<form action=\"\/Kapellen\/wp-json\/wp\/v2\/pages\/3053#wpcf7-f3191-o1\" method=\"post\" class=\"wpcf7-form init\" aria-label=\"Contact form\" enctype=\"multipart\/form-data\" novalidate=\"novalidate\" data-status=\"init\">\n<fieldset class=\"hidden-fields-container\"><input type=\"hidden\" name=\"_wpcf7\" value=\"3191\" \/><input type=\"hidden\" name=\"_wpcf7_version\" value=\"6.1.5\" \/><input type=\"hidden\" name=\"_wpcf7_locale\" value=\"en_US\" \/><input type=\"hidden\" name=\"_wpcf7_unit_tag\" value=\"wpcf7-f3191-o1\" \/><input type=\"hidden\" name=\"_wpcf7_container_post\" value=\"0\" \/><input type=\"hidden\" name=\"_wpcf7_posted_data_hash\" value=\"\" \/><input type=\"hidden\" name=\"_wpcf7_recaptcha_response\" value=\"\" \/><br \/>\n<\/fieldset>\n<p><label><span class=\"bt_bb_required\">Naam<\/span><br \/>\n<span class=\"wpcf7-form-control-wrap\" data-name=\"your-name\"><input size=\"40\" maxlength=\"400\" class=\"wpcf7-form-control wpcf7-text wpcf7-validates-as-required\" aria-required=\"true\" aria-invalid=\"false\" value=\"\" type=\"text\" name=\"your-name\" \/><\/span> <\/label>\n<\/p>\n<p><label><span class=\"bt_bb_required\">Voornaam<\/span><br \/>\n<span class=\"wpcf7-form-control-wrap\" data-name=\"text-222\"><input size=\"40\" maxlength=\"400\" class=\"wpcf7-form-control wpcf7-text wpcf7-validates-as-required\" aria-required=\"true\" aria-invalid=\"false\" value=\"\" type=\"text\" name=\"text-222\" \/><\/span> <\/label>\n<\/p>\n<p><label><span class=\"bt_bb_required\">Email<\/span><br \/>\n<span class=\"wpcf7-form-control-wrap\" data-name=\"your-email\"><input size=\"40\" maxlength=\"400\" class=\"wpcf7-form-control wpcf7-email wpcf7-validates-as-required wpcf7-text wpcf7-validates-as-email\" aria-required=\"true\" aria-invalid=\"false\" value=\"\" type=\"email\" name=\"your-email\" \/><\/span> <\/label>\n<\/p>\n<p><label><span class=\"bt_bb_required\">Telefoon<\/span><br \/>\n<span class=\"wpcf7-form-control-wrap\" data-name=\"tel-277\"><input size=\"40\" maxlength=\"400\" class=\"wpcf7-form-control wpcf7-tel wpcf7-validates-as-required wpcf7-text wpcf7-validates-as-tel\" aria-required=\"true\" aria-invalid=\"false\" placeholder=\"0032\" value=\"\" type=\"tel\" name=\"tel-277\" \/><\/span><\/label>\n<\/p>\n<p><label>Bericht<br \/>\n<span class=\"wpcf7-form-control-wrap\" data-name=\"text-260\"><input size=\"40\" maxlength=\"400\" class=\"wpcf7-form-control wpcf7-text\" aria-invalid=\"false\" value=\"\" type=\"text\" name=\"text-260\" \/><\/span> <\/label>\n<\/p>\n<p><label><span class=\"bt_bb_required\">Motivatiebrief toevoegen (pdf,doc,docx)<\/span><br \/>\n<span class=\"wpcf7-form-control-wrap\" data-name=\"file-222\"><input size=\"40\" class=\"wpcf7-form-control wpcf7-file wpcf7-validates-as-required\" accept=\".pdf,.doc,.docx\" aria-required=\"true\" aria-invalid=\"false\" type=\"file\" name=\"file-222\" \/><\/span><\/label>\n<\/p>\n<p><label><span class=\"bt_bb_required\">Curriculum vitae (pdf,doc,docx)<\/span><br \/>\n<span class=\"wpcf7-form-control-wrap\" data-name=\"file-8\"><input size=\"40\" class=\"wpcf7-form-control wpcf7-file wpcf7-validates-as-required\" accept=\".pdf,.doc,.docx,.txt\" aria-required=\"true\" aria-invalid=\"false\" type=\"file\" name=\"file-8\" \/><\/span><\/label>\n<\/p>\n<p><label><span class=\"bt_bb_required\">Ik ga akkoord met de privacyverklaring<\/span><br \/>\n<span class=\"wpcf7-form-control-wrap\" data-name=\"acceptance-466\"><span class=\"wpcf7-form-control wpcf7-acceptance\"><span class=\"wpcf7-list-item\"><input type=\"checkbox\" name=\"acceptance-466\" value=\"1\" id=\"idattribute\" aria-invalid=\"false\" \/><\/span><\/span><\/span><br \/>\n<input class=\"wpcf7-form-control wpcf7-submit has-spinner\" type=\"submit\" value=\"Verstuur\" \/><\/label>\n<\/p>\n<p><input type='hidden' class='wpcf7-pum' value='{\"closepopup\":false,\"closedelay\":0,\"openpopup\":false,\"openpopup_id\":0}' \/><\/p>\n<div class=\"wpcf7-response-output\" aria-hidden=\"true\"><\/div>\n<\/form>\n<\/div>\n<p>\n<\/div><\/div><\/div><div class=\"rowItem col-md-6 col-sm-12 btTextLeft animate animate-fadein inherit\"  ><div class=\"rowItemContent\" ><iframe src=\"https:\/\/www.google.com\/maps\/embed?pb=!1m18!1m12!1m3!1d2493.8328159549233!2d4.429095715762874!3d51.31420007960388!2m3!1f0!2f0!3f0!3m2!1i1024!2i768!4f13.1!3m3!1m2!1s0x47c40902998f8afb%3A0x433d121310278dee!2sStationsstraat%2028%2C%202950%20Kapellen!5e0!3m2!1snl!2sbe!4v1614435927008!5m2!1snl!2sbe\" width=\"600\" height=\"450\" style=\"border:0;\" allowfullscreen=\"\" loading=\"lazy\"><\/iframe><div class=\"btClear btSeparator bottomExtraSmallSpaced noBorder\" ><hr><\/div><div class=\"btText\" ><\/p>\n<p><a href=\"https:\/\/www.kinecentrum.com\/Kapellen\"><span style=\"font-family: champagne-bold; font-size: 12pt;\">KineCentrum Kapellen<\/span><\/a><br \/>\n<span style=\"font-family: champagne-bold; font-size: 12pt;\">Stationsstraat 28 &#8211; <\/span><span style=\"font-family: champagne-bold; font-size: 12pt;\">2950 Kapellen<\/span><\/p>\n<p><span style=\"font-family: champagne-bold; font-size: 12pt;\">E-mail: <a href=\"mailto:info@kinecentrum.com\" target=\"_blank\" rel=\"noopener\">info@kinecentrum.com<\/a><\/span><br \/>\n<span style=\"font-family: champagne-bold; font-size: 12pt;\">Tel nr: <a href=\"tel:003234306430\" target=\"_blank\" rel=\"noopener\">03 430 64 30<\/a><\/span><br \/>\n<span style=\"font-family: champagne-bold; font-size: 12pt;\">Ondernemingsnummer: BE 0646.860.930<\/span><\/p>\n<p><span style=\"font-family: champagne-bold; font-size: 12pt;\">Maatschappelijke zetel: <\/span><br \/>\n<span style=\"font-family: champagne-bold; font-size: 12pt;\">Kine Gorremans-Bauwens bvba<\/span><br \/>\n<span style=\"font-family: champagne-bold; font-size: 12pt;\">Leeuw van Vlaanderenlaan 9 &#8211; <\/span><span style=\"font-family: champagne-bold; font-size: 12pt;\">2950 Kapellen<\/span><\/p>\n<p><span style=\"font-family: champagne-bold; font-size: 12pt;\">Al onze therapeuten zijn gedeconventioneerd<\/span><\/p>\n<p>\n<\/div><div class=\"btClear btSeparator topExtraSmallSpaced noBorder\" ><hr><\/div><a href=\"https:\/\/kinecentrum.com\/Kapellen\/wettelijk-verplicht-te-melden-informatie\/\" class=\"btBtn btBtn btnFilledStyle btnAccentColor btnMedium btnNormalWidth btnLeftPosition btnIco\"  target=\"_self\"><span class=\"btnInnerText\">Wettelijk verplicht te melden informatie<\/span><span class=\"btIco \" ><span  data-ico-fa=\"&#xf0a4;\" class=\"btIcoHolder\"><em><\/em><\/span><\/span><\/a><\/div><\/div><\/div><\/div><\/div><\/div><\/div><\/section><\/p>\n","protected":false},"excerpt":{"rendered":"","protected":false},"author":1,"featured_media":0,"parent":0,"menu_order":10,"comment_status":"closed","ping_status":"open","template":"","meta":{"footnotes":""},"class_list":["post-3053","page","type-page","status-publish","hentry"],"_links":{"self":[{"href":"https:\/\/kinecentrum.com\/Kapellen\/wp-json\/wp\/v2\/pages\/3053","targetHints":{"allow":["GET"]}}],"collection":[{"href":"https:\/\/kinecentrum.com\/Kapellen\/wp-json\/wp\/v2\/pages"}],"about":[{"href":"https:\/\/kinecentrum.com\/Kapellen\/wp-json\/wp\/v2\/types\/page"}],"author":[{"embeddable":true,"href":"https:\/\/kinecentrum.com\/Kapellen\/wp-json\/wp\/v2\/users\/1"}],"replies":[{"embeddable":true,"href":"https:\/\/kinecentrum.com\/Kapellen\/wp-json\/wp\/v2\/comments?post=3053"}],"version-history":[{"count":57,"href":"https:\/\/kinecentrum.com\/Kapellen\/wp-json\/wp\/v2\/pages\/3053\/revisions"}],"predecessor-version":[{"id":3740,"href":"https:\/\/kinecentrum.com\/Kapellen\/wp-json\/wp\/v2\/pages\/3053\/revisions\/3740"}],"wp:attachment":[{"href":"https:\/\/kinecentrum.com\/Kapellen\/wp-json\/wp\/v2\/media?parent=3053"}],"curies":[{"name":"wp","href":"https:\/\/api.w.org\/{rel}","templated":true}]}}